{"id":803,"date":"2024-07-25T22:27:23","date_gmt":"2024-07-25T22:27:23","guid":{"rendered":"https:\/\/coerenza.co\/?post_type=product&#038;p=803"},"modified":"2025-02-14T20:02:35","modified_gmt":"2025-02-14T20:02:35","slug":"prueba-benziger-adolescente","status":"publish","type":"product","link":"https:\/\/coerenza.co\/en\/product\/prueba-benziger-adolescente\/","title":{"rendered":"Benziger Adolescent Test"},"content":{"rendered":"<p>Esta prueba est\u00e1 dise\u00f1ada de forma exclusiva para j\u00f3venes.<br \/>\nUna vez la adquieres te contactaremos para guiarte en todo el proceso.<\/p>\n<ul>\n<li>It allows to know in depth its natural strengths.<\/li>\n<li>They can discover what they are passionate about and make the most of it.<\/li>\n<li>It allows you to find key answers, engaging in a process of exploration and self-discovery, fundamental for the construction of your life project.<\/li>\n<\/ul>","protected":false},"excerpt":{"rendered":"<p><span style=\"font-weight: 400;\">The One assessment is uniquely designed for young people and serves to provide them with an in-depth understanding of their natural strengths; what they are gifted, talented and gifted at. <\/span><\/p>","protected":false},"featured_media":733,"comment_status":"open","ping_status":"closed","template":"","meta":[],"product_cat":[25],"product_tag":[],"class_list":{"0":"post-803","1":"product","2":"type-product","3":"status-publish","4":"has-post-thumbnail","6":"product_cat-uncategorized","8":"first","9":"instock","10":"virtual","11":"purchasable","12":"product-type-simple"},"_links":{"self":[{"href":"https:\/\/coerenza.co\/en\/wp-json\/wp\/v2\/product\/803","targetHints":{"allow":["GET"]}}],"collection":[{"href":"https:\/\/coerenza.co\/en\/wp-json\/wp\/v2\/product"}],"about":[{"href":"https:\/\/coerenza.co\/en\/wp-json\/wp\/v2\/types\/product"}],"replies":[{"embeddable":true,"href":"https:\/\/coerenza.co\/en\/wp-json\/wp\/v2\/comments?post=803"}],"wp:featuredmedia":[{"embeddable":true,"href":"https:\/\/coerenza.co\/en\/wp-json\/wp\/v2\/media\/733"}],"wp:attachment":[{"href":"https:\/\/coerenza.co\/en\/wp-json\/wp\/v2\/media?parent=803"}],"wp:term":[{"taxonomy":"product_cat","embeddable":true,"href":"https:\/\/coerenza.co\/en\/wp-json\/wp\/v2\/product_cat?post=803"},{"taxonomy":"product_tag","embeddable":true,"href":"https:\/\/coerenza.co\/en\/wp-json\/wp\/v2\/product_tag?post=803"}],"curies":[{"name":"wp","href":"https:\/\/api.w.org\/{rel}","templated":true}]}}